{"id":44,"date":"2026-02-20T11:10:17","date_gmt":"2026-02-20T11:10:17","guid":{"rendered":"https:\/\/casasuspiro.com\/?page_id=44"},"modified":"2026-04-24T13:02:06","modified_gmt":"2026-04-24T13:02:06","slug":"estepona-2","status":"publish","type":"page","link":"https:\/\/casasuspiro.com\/index.php\/estepona-2\/","title":{"rendered":"Estepona"},"content":{"rendered":"\t\t<div data-elementor-type=\"wp-page\" data-elementor-id=\"44\" class=\"elementor elementor-44\">\n\t\t\t\t<div class=\"elementor-element elementor-element-0bb0f56 e-flex e-con-boxed e-con e-parent\" data-id=\"0bb0f56\" data-element_type=\"container\" data-e-type=\"container\" data-settings=\"{&quot;background_background&quot;:&quot;classic&quot;}\">\n\t\t\t\t\t<div class=\"e-con-inner\">\n\t\t<div class=\"elementor-element elementor-element-47787cf e-con-full e-flex e-con e-child\" data-id=\"47787cf\" data-element_type=\"container\" data-e-type=\"container\">\n\t\t\t\t<div class=\"elementor-element elementor-element-b511b88 elementor-widget elementor-widget-heading\" data-id=\"b511b88\" data-element_type=\"widget\" data-e-type=\"widget\" data-widget_type=\"heading.default\">\n\t\t\t\t\t<h2 class=\"elementor-heading-title elementor-size-default\">Pr\u00e9sentation de la ville d'Estepona<\/h2>\t\t\t\t<\/div>\n\t\t\t\t<div class=\"elementor-element elementor-element-db69863 elementor-widget elementor-widget-text-editor\" data-id=\"db69863\" data-element_type=\"widget\" data-e-type=\"widget\" data-widget_type=\"text-editor.default\">\n\t\t\t\t\t\t\t\t\t<p>Situ\u00e9e sur la Costa del Sol, entre Marbella et Gibraltar, Estepona est l\u2019une des villes andalouses qui a su conserver le charme authentique d\u2019un village m\u00e9diterran\u00e9en tout en offrant des infrastructures modernes et un cadre de vie exceptionnel. Ses ruelles blanches fleuries, ses plages dor\u00e9es et son ambiance chaleureuse en font une destination pris\u00e9e autant pour les voyageurs que pour ceux qui souhaitent s\u2019y installer.<\/p>\t\t\t\t\t\t\t\t<\/div>\n\t\t\t\t<\/div>\n\t\t<div class=\"elementor-element elementor-element-cae149d e-con-full e-flex e-con e-child\" data-id=\"cae149d\" data-element_type=\"container\" data-e-type=\"container\">\n\t\t\t\t<div class=\"elementor-element elementor-element-e0b1d49 elementor-invisible elementor-widget elementor-widget-image\" data-id=\"e0b1d49\" data-element_type=\"widget\" data-e-type=\"widget\" data-settings=\"{&quot;_animation&quot;:&quot;zoomIn&quot;}\" data-widget_type=\"image.default\">\n\t\t\t\t\t\t\t\t\t\t\t\t\t\t\t<img fetchpriority=\"high\" decoding=\"async\" width=\"800\" height=\"600\" src=\"https:\/\/casasuspiro.com\/wp-content\/uploads\/2026\/03\/arc_386005_g-1024x768.webp\" class=\"attachment-large size-large wp-image-281\" alt=\"\" srcset=\"https:\/\/casasuspiro.com\/wp-content\/uploads\/2026\/03\/arc_386005_g-1024x768.webp 1024w, https:\/\/casasuspiro.com\/wp-content\/uploads\/2026\/03\/arc_386005_g-300x225.webp 300w, https:\/\/casasuspiro.com\/wp-content\/uploads\/2026\/03\/arc_386005_g-768x576.webp 768w, https:\/\/casasuspiro.com\/wp-content\/uploads\/2026\/03\/arc_386005_g-1536x1152.webp 1536w, https:\/\/casasuspiro.com\/wp-content\/uploads\/2026\/03\/arc_386005_g.webp 1550w\" sizes=\"(max-width: 800px) 100vw, 800px\" \/>\t\t\t\t\t\t\t\t\t\t\t\t\t\t\t<\/div>\n\t\t\t\t<\/div>\n\t\t\t\t\t<\/div>\n\t\t\t\t<\/div>\n\t\t<div class=\"elementor-element elementor-element-093f249 e-flex e-con-boxed e-con e-parent\" data-id=\"093f249\" data-element_type=\"container\" data-e-type=\"container\" data-settings=\"{&quot;background_background&quot;:&quot;classic&quot;}\">\n\t\t\t\t\t<div class=\"e-con-inner\">\n\t\t<div class=\"elementor-element elementor-element-21e4579 e-con-full e-flex e-con e-child\" data-id=\"21e4579\" data-element_type=\"container\" data-e-type=\"container\">\n\t\t\t\t<div class=\"elementor-element elementor-element-ec8e0d4 elementor-widget elementor-widget-google_maps\" data-id=\"ec8e0d4\" data-element_type=\"widget\" data-e-type=\"widget\" data-widget_type=\"google_maps.default\">\n\t\t\t\t\t\t\t<div class=\"elementor-custom-embed\">\n\t\t\t<iframe loading=\"lazy\"\n\t\t\t\t\tsrc=\"https:\/\/maps.google.com\/maps?q=Estepona&#038;t=m&#038;z=10&#038;output=embed&#038;iwloc=near\"\n\t\t\t\t\ttitle=\"Estepona\"\n\t\t\t\t\taria-label=\"Estepona\"\n\t\t\t><\/iframe>\n\t\t<\/div>\n\t\t\t\t\t\t<\/div>\n\t\t\t\t<\/div>\n\t\t<div class=\"elementor-element elementor-element-fabf4e3 e-con-full e-flex e-con e-child\" data-id=\"fabf4e3\" data-element_type=\"container\" data-e-type=\"container\">\n\t\t\t\t<div class=\"elementor-element elementor-element-11a5296 elementor-widget elementor-widget-heading\" data-id=\"11a5296\" data-element_type=\"widget\" data-e-type=\"widget\" data-widget_type=\"heading.default\">\n\t\t\t\t\t<h2 class=\"elementor-heading-title elementor-size-default\">Une situation privil\u00e9gi\u00e9e au c\u0153ur de l\u2019Andalousie<\/h2>\t\t\t\t<\/div>\n\t\t\t\t<div class=\"elementor-element elementor-element-498e3b7 elementor-widget elementor-widget-text-editor\" data-id=\"498e3b7\" data-element_type=\"widget\" data-e-type=\"widget\" data-widget_type=\"text-editor.default\">\n\t\t\t\t\t\t\t\t\t<p><span dir=\"auto\" style=\"vertical-align: inherit;\"><span dir=\"auto\" style=\"vertical-align: inherit;\">Estepona b\u00e9n\u00e9ficie d&rsquo;un emplacement strat\u00e9gique dans la province de M\u00e1laga, l&rsquo;une des plus attractives d&rsquo;Andalousie. La ville se trouve \u00e0 proximit\u00e9 de destinations embl\u00e9matiques : Marbella n&rsquo;est qu&rsquo;\u00e0 une vingtaine de minutes, Gibraltar \u00e0 moins de 40 minutes, et M\u00e1laga, avec son a\u00e9roport international, \u00e0 environ une heure de route. Vers l&rsquo;ouest, Casares, Manilva et Sotogrande compl\u00e8tent un environnement c\u00f4tier et montagneux particuli\u00e8rement s\u00e9duisant. Cette position centrale permet de profiter facilement des richesses culturelles, naturelles et gastronomiques de toute la r\u00e9gion andalouse.<\/span><\/span><\/p>\t\t\t\t\t\t\t\t<\/div>\n\t\t\t\t<\/div>\n\t\t\t\t\t<\/div>\n\t\t\t\t<\/div>\n\t\t<div class=\"elementor-element elementor-element-17cebd6 e-flex e-con-boxed e-con e-parent\" data-id=\"17cebd6\" data-element_type=\"container\" data-e-type=\"container\">\n\t\t\t\t\t<div class=\"e-con-inner\">\n\t\t\t\t<div class=\"elementor-element elementor-element-b7d0845 elementor-widget elementor-widget-heading\" data-id=\"b7d0845\" data-element_type=\"widget\" data-e-type=\"widget\" data-widget_type=\"heading.default\">\n\t\t\t\t\t<h2 class=\"elementor-heading-title elementor-size-default\">Une ville au charme andalou pr\u00e9serv\u00e9<\/h2>\t\t\t\t<\/div>\n\t\t\t\t<div class=\"elementor-element elementor-element-7ebde9e elementor-widget elementor-widget-text-editor\" data-id=\"7ebde9e\" data-element_type=\"widget\" data-e-type=\"widget\" data-widget_type=\"text-editor.default\">\n\t\t\t\t\t\t\t\t\t<p><span dir=\"auto\" style=\"vertical-align: inherit;\"><span dir=\"auto\" style=\"vertical-align: inherit;\">Le centre historique d&rsquo;Estepona est un jardin \u00e0 ciel ouvert, c\u00e9l\u00e8bre pour ses v\u00e9ritables ruelles pav\u00e9es bord\u00e9es de maisons blanches d\u00e9cor\u00e9es de pots de fleurs color\u00e9es. La ville a mis\u00e9 sur une esth\u00e9tique soign\u00e9e, avec plus de 60 fresques murales qui transforment les fa\u00e7ades en \u0153uvres d&rsquo;art, et un soin particulier apport\u00e9 aux espaces verts<\/span><\/span><\/p>\t\t\t\t\t\t\t\t<\/div>\n\t\t<div class=\"elementor-element elementor-element-0df5d5a e-grid e-con-full e-con e-child\" data-id=\"0df5d5a\" data-element_type=\"container\" data-e-type=\"container\">\n\t\t\t\t<div class=\"elementor-element elementor-element-49dcac0 elementor-invisible elementor-widget elementor-widget-image\" data-id=\"49dcac0\" data-element_type=\"widget\" data-e-type=\"widget\" data-settings=\"{&quot;_animation&quot;:&quot;zoomIn&quot;}\" data-widget_type=\"image.default\">\n\t\t\t\t\t\t\t\t\t\t\t\t\t\t\t<img decoding=\"async\" width=\"768\" height=\"1024\" src=\"https:\/\/casasuspiro.com\/wp-content\/uploads\/2026\/04\/ChatGPT-Image-24-avr.-2026-15_00_15-768x1024.png\" class=\"attachment-large size-large wp-image-429\" alt=\"\" srcset=\"https:\/\/casasuspiro.com\/wp-content\/uploads\/2026\/04\/ChatGPT-Image-24-avr.-2026-15_00_15-768x1024.png 768w, https:\/\/casasuspiro.com\/wp-content\/uploads\/2026\/04\/ChatGPT-Image-24-avr.-2026-15_00_15-225x300.png 225w, https:\/\/casasuspiro.com\/wp-content\/uploads\/2026\/04\/ChatGPT-Image-24-avr.-2026-15_00_15.png 1086w\" sizes=\"(max-width: 768px) 100vw, 768px\" \/>\t\t\t\t\t\t\t\t\t\t\t\t\t\t\t<\/div>\n\t\t\t\t<div class=\"elementor-element elementor-element-2a50a61 elementor-invisible elementor-widget elementor-widget-image\" data-id=\"2a50a61\" data-element_type=\"widget\" data-e-type=\"widget\" data-settings=\"{&quot;_animation&quot;:&quot;zoomIn&quot;}\" data-widget_type=\"image.default\">\n\t\t\t\t\t\t\t\t\t\t\t\t\t\t\t<img decoding=\"async\" width=\"768\" height=\"1024\" src=\"https:\/\/casasuspiro.com\/wp-content\/uploads\/2026\/04\/ChatGPT-Image-24-avr.-2026-14_56_19-768x1024.png\" class=\"attachment-large size-large wp-image-425\" alt=\"\" srcset=\"https:\/\/casasuspiro.com\/wp-content\/uploads\/2026\/04\/ChatGPT-Image-24-avr.-2026-14_56_19-768x1024.png 768w, https:\/\/casasuspiro.com\/wp-content\/uploads\/2026\/04\/ChatGPT-Image-24-avr.-2026-14_56_19-225x300.png 225w, https:\/\/casasuspiro.com\/wp-content\/uploads\/2026\/04\/ChatGPT-Image-24-avr.-2026-14_56_19.png 1086w\" sizes=\"(max-width: 768px) 100vw, 768px\" \/>\t\t\t\t\t\t\t\t\t\t\t\t\t\t\t<\/div>\n\t\t\t\t<div class=\"elementor-element elementor-element-e6b2a7a elementor-invisible elementor-widget elementor-widget-image\" data-id=\"e6b2a7a\" data-element_type=\"widget\" data-e-type=\"widget\" data-settings=\"{&quot;_animation&quot;:&quot;zoomIn&quot;}\" data-widget_type=\"image.default\">\n\t\t\t\t\t\t\t\t\t\t\t\t\t\t\t<img loading=\"lazy\" decoding=\"async\" width=\"768\" height=\"1024\" src=\"https:\/\/casasuspiro.com\/wp-content\/uploads\/2026\/04\/ChatGPT-Image-24-avr.-2026-14_59_22-768x1024.png\" class=\"attachment-large size-large wp-image-427\" alt=\"\" srcset=\"https:\/\/casasuspiro.com\/wp-content\/uploads\/2026\/04\/ChatGPT-Image-24-avr.-2026-14_59_22-768x1024.png 768w, https:\/\/casasuspiro.com\/wp-content\/uploads\/2026\/04\/ChatGPT-Image-24-avr.-2026-14_59_22-225x300.png 225w, https:\/\/casasuspiro.com\/wp-content\/uploads\/2026\/04\/ChatGPT-Image-24-avr.-2026-14_59_22.png 1086w\" sizes=\"(max-width: 768px) 100vw, 768px\" \/>\t\t\t\t\t\t\t\t\t\t\t\t\t\t\t<\/div>\n\t\t\t\t<\/div>\n\t\t\t\t\t<\/div>\n\t\t\t\t<\/div>\n\t\t<div class=\"elementor-element elementor-element-786a359 e-flex e-con-boxed e-con e-parent\" data-id=\"786a359\" data-element_type=\"container\" data-e-type=\"container\">\n\t\t\t\t\t<div class=\"e-con-inner\">\n\t\t<div class=\"elementor-element elementor-element-aea7485 e-con-full e-flex e-con e-child\" data-id=\"aea7485\" data-element_type=\"container\" data-e-type=\"container\">\n\t\t\t\t<div class=\"elementor-element elementor-element-3128817 elementor-widget elementor-widget-heading\" data-id=\"3128817\" data-element_type=\"widget\" data-e-type=\"widget\" data-widget_type=\"heading.default\">\n\t\t\t\t\t<h2 class=\"elementor-heading-title elementor-size-default\">21 kilom\u00e8tres de plages et un climat id\u00e9al<\/h2>\t\t\t\t<\/div>\n\t\t\t\t<\/div>\n\t\t<div class=\"elementor-element elementor-element-f9656c7 e-con-full e-flex e-con e-child\" data-id=\"f9656c7\" data-element_type=\"container\" data-e-type=\"container\">\n\t\t\t\t<div class=\"elementor-element elementor-element-df0a307 elementor-invisible elementor-widget elementor-widget-image\" data-id=\"df0a307\" data-element_type=\"widget\" data-e-type=\"widget\" data-settings=\"{&quot;_animation&quot;:&quot;zoomIn&quot;}\" data-widget_type=\"image.default\">\n\t\t\t\t\t\t\t\t\t\t\t\t\t\t\t<img loading=\"lazy\" decoding=\"async\" width=\"800\" height=\"572\" src=\"https:\/\/casasuspiro.com\/wp-content\/uploads\/2026\/03\/plage.jpg\" class=\"attachment-large size-large wp-image-148\" alt=\"\" srcset=\"https:\/\/casasuspiro.com\/wp-content\/uploads\/2026\/03\/plage.jpg 1000w, https:\/\/casasuspiro.com\/wp-content\/uploads\/2026\/03\/plage-300x215.jpg 300w\" sizes=\"(max-width: 800px) 100vw, 800px\" \/>\t\t\t\t\t\t\t\t\t\t\t\t\t\t\t<\/div>\n\t\t\t\t<\/div>\n\t\t\t\t\t<\/div>\n\t\t\t\t<\/div>\n\t\t<div class=\"elementor-element elementor-element-6cb6410 e-flex e-con-boxed e-con e-parent\" data-id=\"6cb6410\" data-element_type=\"container\" data-e-type=\"container\">\n\t\t\t\t\t<div class=\"e-con-inner\">\n\t\t\t\t<div class=\"elementor-element elementor-element-3b326bb elementor-widget elementor-widget-text-editor\" data-id=\"3b326bb\" data-element_type=\"widget\" data-e-type=\"widget\" data-widget_type=\"text-editor.default\">\n\t\t\t\t\t\t\t\t\t<p>Avec plus de <strong>300 jours de soleil<\/strong> par an, Estepona offre un littoral vari\u00e9 compos\u00e9 de<strong> plages familiales, de criques tranquilles et de zones plus anim\u00e9es.<\/strong> La Playa de la Rada, situ\u00e9e en plein centre, est l\u2019une des plus appr\u00e9ci\u00e9es pour sa proximit\u00e9 avec les commerces et son large front de mer.<\/p><p><strong>Le Paseo Mar\u00edtimo<\/strong>, promenade c\u00f4ti\u00e8re bord\u00e9e de palmiers, est parfait pour marcher, courir ou simplement profiter de la vue sur la M\u00e9diterran\u00e9e.<\/p>\t\t\t\t\t\t\t\t<\/div>\n\t\t\t\t\t<\/div>\n\t\t\t\t<\/div>\n\t\t<div class=\"elementor-element elementor-element-f6d70e4 e-flex e-con-boxed e-con e-parent\" data-id=\"f6d70e4\" data-element_type=\"container\" data-e-type=\"container\" data-settings=\"{&quot;background_background&quot;:&quot;classic&quot;}\">\n\t\t\t\t\t<div class=\"e-con-inner\">\n\t\t<div class=\"elementor-element elementor-element-60d5682 e-con-full e-flex e-con e-child\" data-id=\"60d5682\" data-element_type=\"container\" data-e-type=\"container\">\n\t\t\t\t<div class=\"elementor-element elementor-element-335e4f1 elementor-invisible elementor-widget elementor-widget-image\" data-id=\"335e4f1\" data-element_type=\"widget\" data-e-type=\"widget\" data-settings=\"{&quot;_animation&quot;:&quot;zoomIn&quot;}\" data-widget_type=\"image.default\">\n\t\t\t\t\t\t\t\t\t\t\t\t\t\t\t<img loading=\"lazy\" decoding=\"async\" width=\"768\" height=\"1024\" src=\"https:\/\/casasuspiro.com\/wp-content\/uploads\/2026\/03\/b492535c-43c1-426f-8564-0a913709ec85.jpeg\" class=\"attachment-medium_large size-medium_large wp-image-152\" alt=\"\" srcset=\"https:\/\/casasuspiro.com\/wp-content\/uploads\/2026\/03\/b492535c-43c1-426f-8564-0a913709ec85.jpeg 1536w, https:\/\/casasuspiro.com\/wp-content\/uploads\/2026\/03\/b492535c-43c1-426f-8564-0a913709ec85-225x300.jpeg 225w, https:\/\/casasuspiro.com\/wp-content\/uploads\/2026\/03\/b492535c-43c1-426f-8564-0a913709ec85-768x1024.jpeg 768w, https:\/\/casasuspiro.com\/wp-content\/uploads\/2026\/03\/b492535c-43c1-426f-8564-0a913709ec85-1152x1536.jpeg 1152w\" sizes=\"(max-width: 768px) 100vw, 768px\" \/>\t\t\t\t\t\t\t\t\t\t\t\t\t\t\t<\/div>\n\t\t\t\t<\/div>\n\t\t<div class=\"elementor-element elementor-element-0f9db73 e-con-full e-flex e-con e-child\" data-id=\"0f9db73\" data-element_type=\"container\" data-e-type=\"container\">\n\t\t\t\t<div class=\"elementor-element elementor-element-1ee316c elementor-widget elementor-widget-heading\" data-id=\"1ee316c\" data-element_type=\"widget\" data-e-type=\"widget\" data-widget_type=\"heading.default\">\n\t\t\t\t\t<h2 class=\"elementor-heading-title elementor-size-default\">Un port dynamique et une offre de loisirs vari\u00e9e<\/h2>\t\t\t\t<\/div>\n\t\t\t\t<div class=\"elementor-element elementor-element-2df7c7c elementor-widget elementor-widget-text-editor\" data-id=\"2df7c7c\" data-element_type=\"widget\" data-e-type=\"widget\" data-widget_type=\"text-editor.default\">\n\t\t\t\t\t\t\t\t\t<p>Le port de plaisance d\u2019Estepona est un lieu anim\u00e9, connu pour ses restaurants, ses bars et son march\u00e9 artisanal du dimanche.<\/p>\t\t\t\t\t\t\t\t<\/div>\n\t\t\t\t<\/div>\n\t\t\t\t\t<\/div>\n\t\t\t\t<\/div>\n\t\t<div class=\"elementor-element elementor-element-229c6f0 e-flex e-con-boxed e-con e-parent\" data-id=\"229c6f0\" data-element_type=\"container\" data-e-type=\"container\" data-settings=\"{&quot;background_background&quot;:&quot;classic&quot;}\">\n\t\t\t\t\t<div class=\"e-con-inner\">\n\t\t\t\t<div class=\"elementor-element elementor-element-e908087 elementor-widget elementor-widget-heading\" data-id=\"e908087\" data-element_type=\"widget\" data-e-type=\"widget\" data-widget_type=\"heading.default\">\n\t\t\t\t\t<h2 class=\"elementor-heading-title elementor-size-default\">Estepona est entour\u00e9e d\u2019une multitude d\u2019activit\u00e9s qui enrichissent vraiment l\u2019exp\u00e9rience de la r\u00e9gion.<\/h2>\t\t\t\t<\/div>\n\t\t\t\t\t<\/div>\n\t\t\t\t<\/div>\n\t\t<div class=\"elementor-element elementor-element-a111e34 e-flex e-con-boxed e-con e-parent\" data-id=\"a111e34\" data-element_type=\"container\" data-e-type=\"container\" data-settings=\"{&quot;background_background&quot;:&quot;classic&quot;}\">\n\t\t\t\t\t<div class=\"e-con-inner\">\n\t\t<div class=\"elementor-element elementor-element-e879724 e-con-full e-flex elementor-invisible e-con e-child\" data-id=\"e879724\" data-element_type=\"container\" data-e-type=\"container\" data-settings=\"{&quot;animation&quot;:&quot;zoomIn&quot;}\">\n\t\t\t\t<div class=\"elementor-element elementor-element-4b93b0c elementor-view-default elementor-position-block-start elementor-mobile-position-block-start elementor-widget elementor-widget-icon-box\" data-id=\"4b93b0c\" data-element_type=\"widget\" data-e-type=\"widget\" data-widget_type=\"icon-box.default\">\n\t\t\t\t\t\t\t<div class=\"elementor-icon-box-wrapper\">\n\n\t\t\t\t\t\t<div class=\"elementor-icon-box-icon\">\n\t\t\t\t<span  class=\"elementor-icon\">\n\t\t\t\t<svg aria-hidden=\"true\" class=\"e-font-icon-svg e-fas-golf-ball\" viewBox=\"0 0 416 512\" xmlns=\"http:\/\/www.w3.org\/2000\/svg\"><path d=\"M96 416h224c0 17.7-14.3 32-32 32h-16c-17.7 0-32 14.3-32 32v20c0 6.6-5.4 12-12 12h-40c-6.6 0-12-5.4-12-12v-20c0-17.7-14.3-32-32-32h-16c-17.7 0-32-14.3-32-32zm320-208c0 74.2-39 139.2-97.5 176h-221C39 347.2 0 282.2 0 208 0 93.1 93.1 0 208 0s208 93.1 208 208zm-180.1 43.9c18.3 0 33.1-14.8 33.1-33.1 0-14.4-9.3-26.3-22.1-30.9 9.6 26.8-15.6 51.3-41.9 41.9 4.6 12.8 16.5 22.1 30.9 22.1zm49.1 46.9c0-14.4-9.3-26.3-22.1-30.9 9.6 26.8-15.6 51.3-41.9 41.9 4.6 12.8 16.5 22.1 30.9 22.1 18.3 0 33.1-14.9 33.1-33.1zm64-64c0-14.4-9.3-26.3-22.1-30.9 9.6 26.8-15.6 51.3-41.9 41.9 4.6 12.8 16.5 22.1 30.9 22.1 18.3 0 33.1-14.9 33.1-33.1z\"><\/path><\/svg>\t\t\t\t<\/span>\n\t\t\t<\/div>\n\t\t\t\n\t\t\t\t\t\t<div class=\"elementor-icon-box-content\">\n\n\t\t\t\t\t\t\t\t\t<h3 class=\"elementor-icon-box-title\">\n\t\t\t\t\t\t<span  >\n\t\t\t\t\t\t\tTerrains de golf\t\t\t\t\t\t<\/span>\n\t\t\t\t\t<\/h3>\n\t\t\t\t\n\t\t\t\t\n\t\t\t<\/div>\n\t\t\t\n\t\t<\/div>\n\t\t\t\t\t\t<\/div>\n\t\t\t\t<\/div>\n\t\t<div class=\"elementor-element elementor-element-345fbab e-con-full e-flex elementor-invisible e-con e-child\" data-id=\"345fbab\" data-element_type=\"container\" data-e-type=\"container\" data-settings=\"{&quot;animation&quot;:&quot;zoomIn&quot;}\">\n\t\t\t\t<div class=\"elementor-element elementor-element-3a5a822 elementor-view-default elementor-position-block-start elementor-mobile-position-block-start elementor-widget elementor-widget-icon-box\" data-id=\"3a5a822\" data-element_type=\"widget\" data-e-type=\"widget\" data-widget_type=\"icon-box.default\">\n\t\t\t\t\t\t\t<div class=\"elementor-icon-box-wrapper\">\n\n\t\t\t\t\t\t<div class=\"elementor-icon-box-icon\">\n\t\t\t\t<span  class=\"elementor-icon\">\n\t\t\t\t<svg aria-hidden=\"true\" class=\"e-font-icon-svg e-fas-water\" viewBox=\"0 0 576 512\" xmlns=\"http:\/\/www.w3.org\/2000\/svg\"><path d=\"M562.1 383.9c-21.5-2.4-42.1-10.5-57.9-22.9-14.1-11.1-34.2-11.3-48.2 0-37.9 30.4-107.2 30.4-145.7-1.5-13.5-11.2-33-9.1-46.7 1.8-38 30.1-106.9 30-145.2-1.7-13.5-11.2-33.3-8.9-47.1 2-15.5 12.2-36 20.1-57.7 22.4-7.9.8-13.6 7.8-13.6 15.7v32.2c0 9.1 7.6 16.8 16.7 16 28.8-2.5 56.1-11.4 79.4-25.9 56.5 34.6 137 34.1 192 0 56.5 34.6 137 34.1 192 0 23.3 14.2 50.9 23.3 79.1 25.8 9.1.8 16.7-6.9 16.7-16v-31.6c.1-8-5.7-15.4-13.8-16.3zm0-144c-21.5-2.4-42.1-10.5-57.9-22.9-14.1-11.1-34.2-11.3-48.2 0-37.9 30.4-107.2 30.4-145.7-1.5-13.5-11.2-33-9.1-46.7 1.8-38 30.1-106.9 30-145.2-1.7-13.5-11.2-33.3-8.9-47.1 2-15.5 12.2-36 20.1-57.7 22.4-7.9.8-13.6 7.8-13.6 15.7v32.2c0 9.1 7.6 16.8 16.7 16 28.8-2.5 56.1-11.4 79.4-25.9 56.5 34.6 137 34.1 192 0 56.5 34.6 137 34.1 192 0 23.3 14.2 50.9 23.3 79.1 25.8 9.1.8 16.7-6.9 16.7-16v-31.6c.1-8-5.7-15.4-13.8-16.3zm0-144C540.6 93.4 520 85.4 504.2 73 490.1 61.9 470 61.7 456 73c-37.9 30.4-107.2 30.4-145.7-1.5-13.5-11.2-33-9.1-46.7 1.8-38 30.1-106.9 30-145.2-1.7-13.5-11.2-33.3-8.9-47.1 2-15.5 12.2-36 20.1-57.7 22.4-7.9.8-13.6 7.8-13.6 15.7v32.2c0 9.1 7.6 16.8 16.7 16 28.8-2.5 56.1-11.4 79.4-25.9 56.5 34.6 137 34.1 192 0 56.5 34.6 137 34.1 192 0 23.3 14.2 50.9 23.3 79.1 25.8 9.1.8 16.7-6.9 16.7-16v-31.6c.1-8-5.7-15.4-13.8-16.3z\"><\/path><\/svg>\t\t\t\t<\/span>\n\t\t\t<\/div>\n\t\t\t\n\t\t\t\t\t\t<div class=\"elementor-icon-box-content\">\n\n\t\t\t\t\t\t\t\t\t<h3 class=\"elementor-icon-box-title\">\n\t\t\t\t\t\t<span  >\n\t\t\t\t\t\t\tActivit\u00e9s nautiques\t\t\t\t\t\t<\/span>\n\t\t\t\t\t<\/h3>\n\t\t\t\t\n\t\t\t\t\n\t\t\t<\/div>\n\t\t\t\n\t\t<\/div>\n\t\t\t\t\t\t<\/div>\n\t\t\t\t<\/div>\n\t\t<div class=\"elementor-element elementor-element-96fa7bf e-con-full e-flex elementor-invisible e-con e-child\" data-id=\"96fa7bf\" data-element_type=\"container\" data-e-type=\"container\" data-settings=\"{&quot;animation&quot;:&quot;zoomIn&quot;}\">\n\t\t\t\t<div class=\"elementor-element elementor-element-10e240d elementor-view-default elementor-position-block-start elementor-mobile-position-block-start elementor-widget elementor-widget-icon-box\" data-id=\"10e240d\" data-element_type=\"widget\" data-e-type=\"widget\" data-widget_type=\"icon-box.default\">\n\t\t\t\t\t\t\t<div class=\"elementor-icon-box-wrapper\">\n\n\t\t\t\t\t\t<div class=\"elementor-icon-box-icon\">\n\t\t\t\t<span  class=\"elementor-icon\">\n\t\t\t\t<svg aria-hidden=\"true\" class=\"e-font-icon-svg e-fas-walking\" viewBox=\"0 0 320 512\" xmlns=\"http:\/\/www.w3.org\/2000\/svg\"><path d=\"M208 96c26.5 0 48-21.5 48-48S234.5 0 208 0s-48 21.5-48 48 21.5 48 48 48zm94.5 149.1l-23.3-11.8-9.7-29.4c-14.7-44.6-55.7-75.8-102.2-75.9-36-.1-55.9 10.1-93.3 25.2-21.6 8.7-39.3 25.2-49.7 46.2L17.6 213c-7.8 15.8-1.5 35 14.2 42.9 15.6 7.9 34.6 1.5 42.5-14.3L81 228c3.5-7 9.3-12.5 16.5-15.4l26.8-10.8-15.2 60.7c-5.2 20.8.4 42.9 14.9 58.8l59.9 65.4c7.2 7.9 12.3 17.4 14.9 27.7l18.3 73.3c4.3 17.1 21.7 27.6 38.8 23.3 17.1-4.3 27.6-21.7 23.3-38.8l-22.2-89c-2.6-10.3-7.7-19.9-14.9-27.7l-45.5-49.7 17.2-68.7 5.5 16.5c5.3 16.1 16.7 29.4 31.7 37l23.3 11.8c15.6 7.9 34.6 1.5 42.5-14.3 7.7-15.7 1.4-35.1-14.3-43zM73.6 385.8c-3.2 8.1-8 15.4-14.2 21.5l-50 50.1c-12.5 12.5-12.5 32.8 0 45.3s32.7 12.5 45.2 0l59.4-59.4c6.1-6.1 10.9-13.4 14.2-21.5l13.5-33.8c-55.3-60.3-38.7-41.8-47.4-53.7l-20.7 51.5z\"><\/path><\/svg>\t\t\t\t<\/span>\n\t\t\t<\/div>\n\t\t\t\n\t\t\t\t\t\t<div class=\"elementor-icon-box-content\">\n\n\t\t\t\t\t\t\t\t\t<h3 class=\"elementor-icon-box-title\">\n\t\t\t\t\t\t<span  >\n\t\t\t\t\t\t\tSentiers de randonn\u00e9\t\t\t\t\t\t<\/span>\n\t\t\t\t\t<\/h3>\n\t\t\t\t\n\t\t\t\t\n\t\t\t<\/div>\n\t\t\t\n\t\t<\/div>\n\t\t\t\t\t\t<\/div>\n\t\t\t\t<\/div>\n\t\t<div class=\"elementor-element elementor-element-3d88df1 e-con-full e-flex elementor-invisible e-con e-child\" data-id=\"3d88df1\" data-element_type=\"container\" data-e-type=\"container\" data-settings=\"{&quot;animation&quot;:&quot;zoomIn&quot;}\">\n\t\t\t\t<div class=\"elementor-element elementor-element-c10f3d8 elementor-view-default elementor-position-block-start elementor-mobile-position-block-start elementor-widget elementor-widget-icon-box\" data-id=\"c10f3d8\" data-element_type=\"widget\" data-e-type=\"widget\" data-widget_type=\"icon-box.default\">\n\t\t\t\t\t\t\t<div class=\"elementor-icon-box-wrapper\">\n\n\t\t\t\t\t\t<div class=\"elementor-icon-box-icon\">\n\t\t\t\t<span  class=\"elementor-icon\">\n\t\t\t\t<svg aria-hidden=\"true\" class=\"e-font-icon-svg e-fas-landmark\" viewBox=\"0 0 512 512\" xmlns=\"http:\/\/www.w3.org\/2000\/svg\"><path d=\"M501.62 92.11L267.24 2.04a31.958 31.958 0 0 0-22.47 0L10.38 92.11A16.001 16.001 0 0 0 0 107.09V144c0 8.84 7.16 16 16 16h480c8.84 0 16-7.16 16-16v-36.91c0-6.67-4.14-12.64-10.38-14.98zM64 192v160H48c-8.84 0-16 7.16-16 16v48h448v-48c0-8.84-7.16-16-16-16h-16V192h-64v160h-96V192h-64v160h-96V192H64zm432 256H16c-8.84 0-16 7.16-16 16v32c0 8.84 7.16 16 16 16h480c8.84 0 16-7.16 16-16v-32c0-8.84-7.16-16-16-16z\"><\/path><\/svg>\t\t\t\t<\/span>\n\t\t\t<\/div>\n\t\t\t\n\t\t\t\t\t\t<div class=\"elementor-icon-box-content\">\n\n\t\t\t\t\t\t\t\t\t<h3 class=\"elementor-icon-box-title\">\n\t\t\t\t\t\t<span  >\n\t\t\t\t\t\t\tEv\u00e9nements culturel\t\t\t\t\t\t<\/span>\n\t\t\t\t\t<\/h3>\n\t\t\t\t\n\t\t\t\t\n\t\t\t<\/div>\n\t\t\t\n\t\t<\/div>\n\t\t\t\t\t\t<\/div>\n\t\t\t\t<\/div>\n\t\t\t\t\t<\/div>\n\t\t\t\t<\/div>\n\t\t\t\t<\/div>\n\t\t","protected":false},"excerpt":{"rendered":"<p>Pr\u00e9sentation de la ville d&rsquo;Estepona Situ\u00e9e sur la Costa del Sol, entre Marbella et Gibraltar, Estepona est l\u2019une des villes andalouses qui a su conserver le charme authentique d\u2019un village m\u00e9diterran\u00e9en tout en offrant des infrastructures modernes et un cadre de vie exceptionnel. Ses ruelles blanches fleuries, ses plages dor\u00e9es et son ambiance chaleureuse en [&hellip;]<\/p>\n","protected":false},"author":1,"featured_media":0,"parent":0,"menu_order":0,"comment_status":"closed","ping_status":"closed","template":"elementor_header_footer","meta":{"footnotes":""},"class_list":["post-44","page","type-page","status-publish","hentry"],"_links":{"self":[{"href":"https:\/\/casasuspiro.com\/index.php\/wp-json\/wp\/v2\/pages\/44","targetHints":{"allow":["GET"]}}],"collection":[{"href":"https:\/\/casasuspiro.com\/index.php\/wp-json\/wp\/v2\/pages"}],"about":[{"href":"https:\/\/casasuspiro.com\/index.php\/wp-json\/wp\/v2\/types\/page"}],"author":[{"embeddable":true,"href":"https:\/\/casasuspiro.com\/index.php\/wp-json\/wp\/v2\/users\/1"}],"replies":[{"embeddable":true,"href":"https:\/\/casasuspiro.com\/index.php\/wp-json\/wp\/v2\/comments?post=44"}],"version-history":[{"count":56,"href":"https:\/\/casasuspiro.com\/index.php\/wp-json\/wp\/v2\/pages\/44\/revisions"}],"predecessor-version":[{"id":432,"href":"https:\/\/casasuspiro.com\/index.php\/wp-json\/wp\/v2\/pages\/44\/revisions\/432"}],"wp:attachment":[{"href":"https:\/\/casasuspiro.com\/index.php\/wp-json\/wp\/v2\/media?parent=44"}],"curies":[{"name":"wp","href":"https:\/\/api.w.org\/{rel}","templated":true}]}}